{"id":78,"date":"2017-12-12T11:24:21","date_gmt":"2017-12-12T15:24:21","guid":{"rendered":"http:\/\/ayuntamiento.guineo\/transparencia\/?page_id=78"},"modified":"2026-01-23T12:58:30","modified_gmt":"2026-01-23T16:58:30","slug":"definicion-oaim-oficina-de-acceso-a-la-informacion-municipal","status":"publish","type":"page","link":"https:\/\/juntamunicipalvillasombrero.gob.do\/transparencia\/definicion-oaim-oficina-de-acceso-a-la-informacion-municipal\/","title":{"rendered":"Definici\u00f3n OAIM (Oficina de Acceso a la Informaci\u00f3n Municipal)"},"content":{"rendered":"\n<p><\/p>\n\n\n\n<p><\/p>\n\n\n\n<figure class=\"wp-block-gallery has-nested-images columns-default is-cropped\">\n<figure class=\"wp-block-image size-large\"><img loading=\"lazy\" width=\"700\" height=\"990\" data-id=\"1949\"  src=\"https:\/\/juntamunicipalvillasombrero.gob.do\/transparencia\/wp-content\/uploads\/2026\/01\/FIDELKA-OAI-700x990.jpg\" alt=\"\" class=\"wp-image-1949\" srcset=\"https:\/\/juntamunicipalvillasombrero.gob.do\/transparencia\/wp-content\/uploads\/2026\/01\/FIDELKA-OAI-700x990.jpg 700w, https:\/\/juntamunicipalvillasombrero.gob.do\/transparencia\/wp-content\/uploads\/2026\/01\/FIDELKA-OAI-250x354.jpg 250w, https:\/\/juntamunicipalvillasombrero.gob.do\/transparencia\/wp-content\/uploads\/2026\/01\/FIDELKA-OAI-768x1086.jpg 768w, https:\/\/juntamunicipalvillasombrero.gob.do\/transparencia\/wp-content\/uploads\/2026\/01\/FIDELKA-OAI-1086x1536.jpg 1086w, https:\/\/juntamunicipalvillasombrero.gob.do\/transparencia\/wp-content\/uploads\/2026\/01\/FIDELKA-OAI-120x170.jpg 120w, https:\/\/juntamunicipalvillasombrero.gob.do\/transparencia\/wp-content\/uploads\/2026\/01\/FIDELKA-OAI.jpg 1414w\" sizes=\"(max-width: 700px) 100vw, 700px\" \/><\/figure>\n<\/figure>\n\n\n\n<p><\/p>\n\n\n\n<p>\u00a0<\/p>\n<p style=\"text-align: left\"><sub>La Oficina de Acceso a la Informaci\u00f3n (OAI), es un mandato de la Ley General de Libre Acceso a la Informaci\u00f3n P\u00fablica Ley 200-04 y el Decreto No. 130-05 que crea el reglamento de dicha ley, con el objetivo de apoyar a entidades y personas tanto p\u00fablicas como privadas mediante las informaciones solicitadas.<\/sub><br \/><br \/><sub><strong>De<\/strong><strong>f<\/strong><strong>i<\/strong><strong>n<\/strong><strong>i<\/strong><strong>ci\u00f3n RAI<\/strong><\/sub><br \/><br \/><sub>La Representante de Acceso a la Informaci\u00f3n, es la\u00a0 \u00a0responsable\u00a0 \u00a0de\u00a0 \u00a0tramitar\u00a0 \u00a0y\u00a0 \u00a0facilitar\u00a0 \u00a0las<\/sub><br \/><br \/><sub>informaciones requeridas y de ser el canal de comunicaci\u00f3n entre la instituci\u00f3n, ciudadanos y ciudadanas.<\/sub><br \/><br \/><br \/><sub><strong>P<\/strong><strong>r<\/strong><strong>o<\/strong><strong>ceso de Solicitud de Informaci\u00f3n:<\/strong><\/sub><br \/><br \/><sub>Completar el formulario de solicitud de informaci\u00f3n.<\/sub><br \/><br \/><sub>Se \u00a0procede \u00a0a \u00a0la \u00a0revisi\u00f3n \u00a0de \u00a0dicho \u00a0documento \u00a0con \u00a0la \u00a0finalidad \u00a0de \u00a0verificar \u00a0que \u00a0est\u00e1 debidamente completado (a).<\/sub><br \/><br \/><sub>Se hace entrega de acuse de recibo al solicitante.<\/sub><br \/><br \/><sub>Seg\u00fan la complejidad de la informaci\u00f3n, se asigna una fecha de entrega. En caso de no ser la OAIM la entidad competente para ofrecer la informaci\u00f3n requerida, dicha solicitud se refiere a la instituci\u00f3n correspondiente y se le informa al solicitante, el curso que ha tomado su solicitud y la instituci\u00f3n destinataria.<\/sub><br \/><br \/><sub>Seguimiento de la(s) solicitud(es) hasta confirmar que se ha suministrado la informaci\u00f3n.<\/sub><\/p>\n","protected":false},"excerpt":{"rendered":"\u00a0 La Oficina de Acceso a la Informaci\u00f3n (OAI), es un mandato de la Ley General de Libre Acceso a la Informaci\u00f3n P\u00fablica Ley 200-04 y el Decreto No. 130-05 que crea el reglamento de dicha ley, con el objetivo de apoyar a entidades y personas tanto p\u00fablicas como privadas mediante las informaciones solicitadas. Definici\u00f3n&#8230;","protected":false},"author":4,"featured_media":0,"parent":0,"menu_order":0,"comment_status":"closed","ping_status":"closed","template":"","meta":[],"_links":{"self":[{"href":"https:\/\/juntamunicipalvillasombrero.gob.do\/transparencia\/wp-json\/wp\/v2\/pages\/78"}],"collection":[{"href":"https:\/\/juntamunicipalvillasombrero.gob.do\/transparencia\/wp-json\/wp\/v2\/pages"}],"about":[{"href":"https:\/\/juntamunicipalvillasombrero.gob.do\/transparencia\/wp-json\/wp\/v2\/types\/page"}],"author":[{"embeddable":true,"href":"https:\/\/juntamunicipalvillasombrero.gob.do\/transparencia\/wp-json\/wp\/v2\/users\/4"}],"replies":[{"embeddable":true,"href":"https:\/\/juntamunicipalvillasombrero.gob.do\/transparencia\/wp-json\/wp\/v2\/comments?post=78"}],"version-history":[{"count":11,"href":"https:\/\/juntamunicipalvillasombrero.gob.do\/transparencia\/wp-json\/wp\/v2\/pages\/78\/revisions"}],"predecessor-version":[{"id":1950,"href":"https:\/\/juntamunicipalvillasombrero.gob.do\/transparencia\/wp-json\/wp\/v2\/pages\/78\/revisions\/1950"}],"wp:attachment":[{"href":"https:\/\/juntamunicipalvillasombrero.gob.do\/transparencia\/wp-json\/wp\/v2\/media?parent=78"}],"curies":[{"name":"wp","href":"https:\/\/api.w.org\/{rel}","templated":true}]}}